{"id":98,"date":"2020-08-24T18:33:14","date_gmt":"2020-08-24T16:33:14","guid":{"rendered":"http:\/\/j-neumann.com\/?page_id=98"},"modified":"2025-09-12T08:43:50","modified_gmt":"2025-09-12T07:43:50","slug":"contact","status":"publish","type":"page","link":"https:\/\/www.acgair.cz\/index.php\/contact\/","title":{"rendered":"Contact"},"content":{"rendered":"\n<h5>Company details<\/h5>\n<p>\nACG Air Consulting s.r.o.,  <br>\nZ\u00e1zvorkova 2005\/10, 155 00&nbsp;Prague 5, Czech Republic <br>\nCorporate identity number: 03245292, Tax identity number: CZ03245292 <br>\nOffice at Prague airport: Skyport a.s., Laglerov\u00e9 1075\/4, 161 00&nbsp;Prague 6<br>\n<\/p>\n\n\n\n<h5 style=\"text-align:justify;\">Contact&nbsp;&nbsp;<a href=\"https:\/\/www.linkedin.com\/in\/petr-%C4%8Din%C3%A1tl-7134b729\/\"><img decoding=\"async\" class=\"social-icons\" src=\"https:\/\/www.acgair.cz\/wp-content\/uploads\/2020\/12\/linkedIn.png\"><\/a><\/h5>\n\n\n\n<p>Petr \u010cin\u00e1tl, CEO and Senior Safety Consultant <br>E-mail: petr.cinatl@acgair.cz<br>Phone: +420 702 052 527<br><\/p>\n\n\n\n<p><img loading=\"lazy\" decoding=\"async\" width=\"230\" height=\"342\" class=\"wp-image-1681\" style=\"width: 230px;\" src=\"https:\/\/www.acgair.cz\/wp-content\/uploads\/2021\/01\/business-foto-PC-1.png\" alt=\"\" srcset=\"https:\/\/www.acgair.cz\/wp-content\/uploads\/2021\/01\/business-foto-PC-1.png 346w, https:\/\/www.acgair.cz\/wp-content\/uploads\/2021\/01\/business-foto-PC-1-202x300.png 202w\" sizes=\"auto, (max-width: 230px) 100vw, 230px\" \/><\/p>\n\n\n\n<figure class=\"wp-block-image size-large\"><img decoding=\"async\" src=\"blob:https:\/\/www.acgair.cz\/05cf96aa-43b8-42d1-85a7-ee2bc476caf7\" alt=\"\"\/><\/figure>\n\n\n\n<p>Michal Tr\u00e1va, Senior Security Consultant<br>Phone: +420 777 178 805<\/p>\n\n\n\n<figure class=\"wp-block-image size-large is-style-rounded\"><img loading=\"lazy\" decoding=\"async\" width=\"297\" height=\"288\" src=\"https:\/\/www.acgair.cz\/wp-content\/uploads\/2023\/02\/Michal-Trava-foto-web-2.png\" alt=\"\" class=\"wp-image-2275\"\/><\/figure>\n\n\n\n\n\n<h5 class=\"wp-block-heading\">Local Partnership<\/h5>\n\n\n\n<p>ACG is constantly searching for long term partners dealing with businesses close to our portfolio and well established on local civil and military markets. <br>Our main area of activity is Central and Eastern Europe, Scandinavia, NME and southern Africa &#8211; <a rel=\"noreferrer noopener\" href=\"https:\/\/www.acgair.cz\/index.php\/2020\/10\/13\/prvni-novinka\/\" target=\"_blank\">see NEWS<\/a>. <br>We search for reputable distribution partners of our superior products <\/p>\n\n\n\n<h5 class=\"wp-block-heading\" style=\"text-align:justify;\">ACG Youtube channel  <a href=\"https:\/\/www.youtube.com\/channel\/UCvHcnPm_QZ3x9emKQFxmKpw\/playlists?view=1&amp;sort=lad&amp;flow=grid\"><img decoding=\"async\" class=\"social-icons\" src=\"https:\/\/www.acgair.cz\/wp-content\/uploads\/2020\/12\/youtube.png\"><\/a><\/h5>\n\n\n\n<p>Subscribe to ACG YouTube channel and see videos of manufacturers that we proudly represent.<\/p>\n","protected":false},"excerpt":{"rendered":"<p>Company details ACG Air Consulting s.r.o., Z\u00e1zvorkova 2005\/10, 155 00&nbsp;Prague 5, Czech Republic Corporate identity number: 03245292, Tax identity number: CZ03245292 Office at Prague airport: Skyport a.s., Laglerov\u00e9 1075\/4, 161 00&nbsp;Prague 6 Contact&nbsp;&nbsp; Petr \u010cin\u00e1tl, CEO and Senior Safety Consultant E-mail: petr.cinatl@acgair.czPhone: +420 702 052 527 Michal Tr\u00e1va, Senior Security ConsultantPhone: +420 777 178 805&#8230;    <a class=\"read-more-button\" href=\"https:\/\/www.acgair.cz\/index.php\/contact\/\">[Read more<\/a>]<\/p>\n","protected":false},"author":1,"featured_media":0,"parent":0,"menu_order":0,"comment_status":"closed","ping_status":"closed","template":"templates\/template-full-width.php","meta":{"footnotes":""},"class_list":["post-98","page","type-page","status-publish","hentry"],"_links":{"self":[{"href":"https:\/\/www.acgair.cz\/index.php\/wp-json\/wp\/v2\/pages\/98","targetHints":{"allow":["GET"]}}],"collection":[{"href":"https:\/\/www.acgair.cz\/index.php\/wp-json\/wp\/v2\/pages"}],"about":[{"href":"https:\/\/www.acgair.cz\/index.php\/wp-json\/wp\/v2\/types\/page"}],"author":[{"embeddable":true,"href":"https:\/\/www.acgair.cz\/index.php\/wp-json\/wp\/v2\/users\/1"}],"replies":[{"embeddable":true,"href":"https:\/\/www.acgair.cz\/index.php\/wp-json\/wp\/v2\/comments?post=98"}],"version-history":[{"count":115,"href":"https:\/\/www.acgair.cz\/index.php\/wp-json\/wp\/v2\/pages\/98\/revisions"}],"predecessor-version":[{"id":2411,"href":"https:\/\/www.acgair.cz\/index.php\/wp-json\/wp\/v2\/pages\/98\/revisions\/2411"}],"wp:attachment":[{"href":"https:\/\/www.acgair.cz\/index.php\/wp-json\/wp\/v2\/media?parent=98"}],"curies":[{"name":"wp","href":"https:\/\/api.w.org\/{rel}","templated":true}]}}